{"id":1145,"date":"2020-12-06T18:36:13","date_gmt":"2020-12-06T18:36:13","guid":{"rendered":"https:\/\/ninetheme.com\/themes\/agrikon\/?page_id=1145"},"modified":"2024-11-25T16:18:20","modified_gmt":"2024-11-25T16:18:20","slug":"about","status":"publish","type":"page","link":"https:\/\/www.chouvrac.be\/en\/","title":{"rendered":"About"},"content":{"rendered":"<div data-elementor-type=\"wp-page\" data-elementor-id=\"1145\" class=\"elementor elementor-1145\" data-elementor-post-type=\"page\">\n\t\t\t\t\t\t<div class=\"elementor-section elementor-top-section elementor-element elementor-element-0629468 nt-section section-padding elementor-section-boxed elementor-section-height-default elementor-section-height-default nt-section-ripped-bottom ripped-bottom-no\" data-id=\"0629468\" data-element_type=\"section\" data-e-type=\"section\">\n\t\t\t\t\t\t<div class=\"elementor-container elementor-column-gap-no\">\n\t\t\t\t\t<div class=\"elementor-column elementor-col-50 elementor-top-column elementor-element elementor-element-fbdf25e\" data-id=\"fbdf25e\" data-element_type=\"column\" data-e-type=\"column\">\n\t\t\t<div class=\"elementor-widget-wrap elementor-element-populated\">\n\t\t\t\t\t\t<div class=\"elementor-element elementor-element-009c8ab agrikon-transform transform-type-translate elementor-widget elementor-widget-heading\" data-id=\"009c8ab\" data-element_type=\"widget\" data-e-type=\"widget\" data-widget_type=\"heading.default\">\n\t\t\t\t<div class=\"elementor-widget-container\">\n\t\t\t\t\t<p class=\"elementor-heading-title elementor-size-default\">Who is it?<\/p>\t\t\t\t<\/div>\n\t\t\t\t<\/div>\n\t\t\t\t<div class=\"elementor-element elementor-element-d30face agrikon-transform transform-type-translate elementor-widget elementor-widget-heading\" data-id=\"d30face\" data-element_type=\"widget\" data-e-type=\"widget\" data-widget_type=\"heading.default\">\n\t\t\t\t<div class=\"elementor-widget-container\">\n\t\t\t\t\t<h3 class=\"elementor-heading-title elementor-size-default\">Bulk cabbage &amp; Chives<\/h3>\t\t\t\t<\/div>\n\t\t\t\t<\/div>\n\t\t\t\t<div class=\"elementor-element elementor-element-8f2b9e8 elementor-widget elementor-widget-text-editor\" data-id=\"8f2b9e8\" data-element_type=\"widget\" data-e-type=\"widget\" data-widget_type=\"text-editor.default\">\n\t\t\t\t<div class=\"elementor-widget-container\">\n\t\t\t\t\t\t\t\t\t<h6>Newly set up in Barvaux sur Ourthe, this small organic food shop tries to be as organic as possible, with :<\/h6>\t\t\t\t\t\t\t\t<\/div>\n\t\t\t\t<\/div>\n\t\t\t\t<div class=\"elementor-section elementor-inner-section elementor-element elementor-element-88d3ce9 elementor-section-boxed elementor-section-height-default elementor-section-height-default nt-section-ripped-top ripped-top-no nt-section-ripped-bottom ripped-bottom-no\" data-id=\"88d3ce9\" data-element_type=\"section\" data-e-type=\"section\">\n\t\t\t\t\t\t<div class=\"elementor-container elementor-column-gap-no\">\n\t\t\t\t\t<div class=\"elementor-column elementor-col-100 elementor-inner-column elementor-element elementor-element-1c65970\" data-id=\"1c65970\" data-element_type=\"column\" data-e-type=\"column\">\n\t\t\t<div class=\"elementor-widget-wrap elementor-element-populated\">\n\t\t\t\t\t\t<div class=\"elementor-element elementor-element-4cc907b elementor-align-start elementor-icon-list--layout-traditional elementor-list-item-link-full_width elementor-widget elementor-widget-icon-list\" data-id=\"4cc907b\" data-element_type=\"widget\" data-e-type=\"widget\" data-widget_type=\"icon-list.default\">\n\t\t\t\t<div class=\"elementor-widget-container\">\n\t\t\t\t\t\t\t<ul class=\"elementor-icon-list-items\">\n\t\t\t\t\t\t\t<li class=\"elementor-icon-list-item\">\n\t\t\t\t\t\t\t\t\t\t\t<span class=\"elementor-icon-list-icon\">\n\t\t\t\t\t\t\t<i aria-hidden=\"true\" class=\"flaticon agrikon-icon agrikon-icon-vegetable\"><\/i>\t\t\t\t\t\t<\/span>\n\t\t\t\t\t\t\t\t\t\t<span class=\"elementor-icon-list-text\">Lots of Bulk<\/span>\n\t\t\t\t\t\t\t\t\t<\/li>\n\t\t\t\t\t\t\t\t<li class=\"elementor-icon-list-item\">\n\t\t\t\t\t\t\t\t\t\t\t<span class=\"elementor-icon-list-icon\">\n\t\t\t\t\t\t\t<i aria-hidden=\"true\" class=\"flaticon agrikon-icon agrikon-icon-farmer\"><\/i>\t\t\t\t\t\t<\/span>\n\t\t\t\t\t\t\t\t\t\t<span class=\"elementor-icon-list-text\">A maximum of local partnerships, near or far<\/span>\n\t\t\t\t\t\t\t\t\t<\/li>\n\t\t\t\t\t\t\t\t<li class=\"elementor-icon-list-item\">\n\t\t\t\t\t\t\t\t\t\t\t<span class=\"elementor-icon-list-icon\">\n\t\t\t\t\t\t\t<svg aria-hidden=\"true\" class=\"e-font-icon-svg e-far-grin-alt\" viewbox=\"0 0 496 512\" xmlns=\"http:\/\/www.w3.org\/2000\/svg\"><path d=\"M200.3 248c12.4-18.7 15.1-37.3 15.7-56-.5-18.7-3.3-37.3-15.7-56-8-12-25.1-11.4-32.7 0-12.4 18.7-15.1 37.3-15.7 56 .5 18.7 3.3 37.3 15.7 56 8.1 12 25.2 11.4 32.7 0zm128 0c12.4-18.7 15.1-37.3 15.7-56-.5-18.7-3.3-37.3-15.7-56-8-12-25.1-11.4-32.7 0-12.4 18.7-15.1 37.3-15.7 56 .5 18.7 3.3 37.3 15.7 56 8.1 12 25.2 11.4 32.7 0zM248 8C111 8 0 119 0 256s111 248 248 248 248-111 248-248S385 8 248 8zm0 448c-110.3 0-200-89.7-200-200S137.7 56 248 56s200 89.7 200 200-89.7 200-200 200zm105.6-151.4c-25.9 8.3-64.4 13.1-105.6 13.1s-79.6-4.8-105.6-13.1c-9.9-3.1-19.4 5.3-17.7 15.3 7.9 47.2 71.3 80 123.3 80s115.3-32.9 123.3-80c1.6-9.8-7.7-18.4-17.7-15.3z\"><\/path><\/svg>\t\t\t\t\t\t<\/span>\n\t\t\t\t\t\t\t\t\t\t<span class=\"elementor-icon-list-text\">A carefully selected, comprehensive range<\/span>\n\t\t\t\t\t\t\t\t\t<\/li>\n\t\t\t\t\t\t\t\t<li class=\"elementor-icon-list-item\">\n\t\t\t\t\t\t\t\t\t\t\t<span class=\"elementor-icon-list-icon\">\n\t\t\t\t\t\t\t<svg aria-hidden=\"true\" class=\"e-font-icon-svg e-fas-euro-sign\" viewbox=\"0 0 320 512\" xmlns=\"http:\/\/www.w3.org\/2000\/svg\"><path d=\"M310.706 413.765c-1.314-6.63-7.835-10.872-14.424-9.369-10.692 2.439-27.422 5.413-45.426 5.413-56.763 0-101.929-34.79-121.461-85.449h113.689a12 12 0 0 0 11.708-9.369l6.373-28.36c1.686-7.502-4.019-14.631-11.708-14.631H115.22c-1.21-14.328-1.414-28.287.137-42.245H261.95a12 12 0 0 0 11.723-9.434l6.512-29.755c1.638-7.484-4.061-14.566-11.723-14.566H130.184c20.633-44.991 62.69-75.03 117.619-75.03 14.486 0 28.564 2.25 37.851 4.145 6.216 1.268 12.347-2.498 14.002-8.623l11.991-44.368c1.822-6.741-2.465-13.616-9.326-14.917C290.217 34.912 270.71 32 249.635 32 152.451 32 74.03 92.252 45.075 176H12c-6.627 0-12 5.373-12 12v29.755c0 6.627 5.373 12 12 12h21.569c-1.009 13.607-1.181 29.287-.181 42.245H12c-6.627 0-12 5.373-12 12v28.36c0 6.627 5.373 12 12 12h30.114C67.139 414.692 145.264 480 249.635 480c26.301 0 48.562-4.544 61.101-7.788 6.167-1.595 10.027-7.708 8.788-13.957l-8.818-44.49z\"><\/path><\/svg>\t\t\t\t\t\t<\/span>\n\t\t\t\t\t\t\t\t\t\t<span class=\"elementor-icon-list-text\">The most affordable prices possible<\/span>\n\t\t\t\t\t\t\t\t\t<\/li>\n\t\t\t\t\t\t\t\t<li class=\"elementor-icon-list-item\">\n\t\t\t\t\t\t\t\t\t\t\t<span class=\"elementor-icon-list-icon\">\n\t\t\t\t\t\t\t<i aria-hidden=\"true\" class=\"flaticon agrikon-icon agrikon-icon-organic-food\"><\/i>\t\t\t\t\t\t<\/span>\n\t\t\t\t\t\t\t\t\t\t<span class=\"elementor-icon-list-text\">Organic products at heart and\/or on the label<\/span>\n\t\t\t\t\t\t\t\t\t<\/li>\n\t\t\t\t\t\t\t\t<li class=\"elementor-icon-list-item\">\n\t\t\t\t\t\t\t\t\t\t\t<span class=\"elementor-icon-list-icon\">\n\t\t\t\t\t\t\t<svg aria-hidden=\"true\" class=\"e-font-icon-svg e-fas-child\" viewbox=\"0 0 384 512\" xmlns=\"http:\/\/www.w3.org\/2000\/svg\"><path d=\"M120 72c0-39.765 32.235-72 72-72s72 32.235 72 72c0 39.764-32.235 72-72 72s-72-32.236-72-72zm254.627 1.373c-12.496-12.497-32.758-12.497-45.254 0L242.745 160H141.254L54.627 73.373c-12.496-12.497-32.758-12.497-45.254 0-12.497 12.497-12.497 32.758 0 45.255L104 213.254V480c0 17.673 14.327 32 32 32h16c17.673 0 32-14.327 32-32V368h16v112c0 17.673 14.327 32 32 32h16c17.673 0 32-14.327 32-32V213.254l94.627-94.627c12.497-12.497 12.497-32.757 0-45.254z\"><\/path><\/svg>\t\t\t\t\t\t<\/span>\n\t\t\t\t\t\t\t\t\t\t<span class=\"elementor-icon-list-text\">Good food, good taste and good humour<\/span>\n\t\t\t\t\t\t\t\t\t<\/li>\n\t\t\t\t\t\t<\/ul>\n\t\t\t\t\t\t<\/div>\n\t\t\t\t<\/div>\n\t\t\t\t\t<\/div>\n\t\t<\/div>\n\t\t\t\t\t<\/div>\n\t\t<\/div>\n\t\t\t\t<div class=\"elementor-element elementor-element-e521a10 elementor-widget elementor-widget-text-editor\" data-id=\"e521a10\" data-element_type=\"widget\" data-e-type=\"widget\" data-widget_type=\"text-editor.default\">\n\t\t\t\t<div class=\"elementor-widget-container\">\n\t\t\t\t\t\t\t\t\t<h6>This is Andy and Co's cave of wonders.<\/h6>\t\t\t\t\t\t\t\t<\/div>\n\t\t\t\t<\/div>\n\t\t\t\t\t<\/div>\n\t\t<\/div>\n\t\t\t\t<div class=\"elementor-column elementor-col-50 elementor-top-column elementor-element elementor-element-e6c9483\" data-id=\"e6c9483\" data-element_type=\"column\" data-e-type=\"column\">\n\t\t\t<div class=\"elementor-widget-wrap elementor-element-populated\">\n\t\t\t\t\t\t<div class=\"elementor-element elementor-element-4be976a elementor-widget elementor-widget-image\" data-id=\"4be976a\" data-element_type=\"widget\" data-e-type=\"widget\" data-widget_type=\"image.default\">\n\t\t\t\t<div class=\"elementor-widget-container\">\n\t\t\t\t\t\t\t\t\t\t\t\t\t\t\t<img decoding=\"async\" width=\"177\" height=\"177\" src=\"https:\/\/www.chouvrac.be\/wp-content\/uploads\/2024\/04\/andy.png\" class=\"attachment-1536x1536 size-1536x1536 wp-image-4914\" alt=\"\" srcset=\"https:\/\/www.chouvrac.be\/wp-content\/uploads\/2024\/04\/andy.png 177w, https:\/\/www.chouvrac.be\/wp-content\/uploads\/2024\/04\/andy-100x100.png 100w, https:\/\/www.chouvrac.be\/wp-content\/uploads\/2024\/04\/andy-150x150.png 150w, https:\/\/www.chouvrac.be\/wp-content\/uploads\/2024\/04\/andy-50x50.png 50w\" sizes=\"(max-width: 177px) 100vw, 177px\" \/>\t\t\t\t\t\t\t\t\t\t\t\t\t\t\t<\/div>\n\t\t\t\t<\/div>\n\t\t\t\t<div class=\"elementor-element elementor-element-15f8482 elementor-widget elementor-widget-text-editor\" data-id=\"15f8482\" data-element_type=\"widget\" data-e-type=\"widget\" data-widget_type=\"text-editor.default\">\n\t\t\t\t<div class=\"elementor-widget-container\">\n\t\t\t\t\t\t\t\t\t<p>Chou Vrac et Ciboulette was set up by Andy Thys who, after many years' experience in the organic food sector, wanted to open his own shop.<\/p>\n    <p>But our business doesn't stop at selling: Chou Vrac et Ciboulette recently took over ownership of the building we occupy, enabling us to organise conferences, workshops, courses, concerts, tastings, table d'h\u00f4tes, training courses, hirings, etc., right above the shop, creating a wonderful place to meet and exchange ideas.<\/p>\n\t\t\t\t\t\t\t\t<\/div>\n\t\t\t\t<\/div>\n\t\t\t\t\t<\/div>\n\t\t<\/div>\n\t\t\t\t\t<\/div>\n\t\t<\/div>\n\t\t<div class=\"elementor-element elementor-element-0ae4a93 elementor-hidden-desktop elementor-hidden-tablet elementor-hidden-mobile e-flex e-con-boxed e-con e-parent\" data-id=\"0ae4a93\" data-element_type=\"container\" data-e-type=\"container\">\n\t\t\t\t\t<div class=\"e-con-inner\">\n\t\t\t\t<div class=\"elementor-element elementor-element-eefd163 elementor-widget elementor-widget-agrikon-team-slider\" data-id=\"eefd163\" data-element_type=\"widget\" data-e-type=\"widget\" data-widget_type=\"agrikon-team-slider.default\">\n\t\t\t\t<div class=\"elementor-widget-container\">\n\t\t\t\t\t<div class=\"team-one\"><img fetchpriority=\"high\" decoding=\"async\" width=\"861\" height=\"159\" src=\"https:\/\/www.chouvrac.be\/wp-content\/uploads\/2020\/12\/team-bg.png\" class=\"team-one__bg\" alt=\"\" \/><div class=\"container\"><div class=\"row\"><div class=\"col-md-12 col-lg-12 col-xl-5\"><div class=\"team-one__content\"><div class=\"block-title\"><div class=\"block-title__image\"><\/div><p class=\"title\">Meeting<\/p><h2 class=\"title team_slider-one__title\">Our team<\/h2><\/div><div class=\"team-one__nav\"><div class=\"swiper-button-prev team-one__nexteefd163\"><i class=\"agrikon-icon-left-arrow\"><\/i><\/div><div class=\"swiper-button-next team-one__preveefd163\"><i class=\"agrikon-icon-right-arrow\"><\/i><\/div><\/div><\/div><\/div><\/div><\/div><div class=\"team-one__carousel-wrap\"><div class=\"thm-swiper__slider swiper-container\" data-swiper-options='{\"loop\": true,\"spaceBetween\": 0, \"slidesPerView\": 1, \"slidesPerGroup\": 1, \"autoplay\": { \"delay\": 5000 }, \"navigation\": {\"nextEl\": \".team-one__nexteefd163\",\"prevEl\": \".team-one__preveefd163\"},\"breakpoints\": {\"0\": {\"spaceBetween\": 0,\"slidesPerView\": 1,\"slidesPerGroup\": 1},\"768\": {\"spaceBetween\": 30,\"slidesPerView\": 2,\"slidesPerGroup\": 2},\"1024\": {\"spaceBetween\": 30,\"slidesPerView\": 3,\"slidesPerGroup\": 3}}}'><div class=\"swiper-wrapper\"><div class=\"swiper-slide\"><div class=\"team-card\"><div class=\"team-card__image\"><img decoding=\"async\" width=\"177\" height=\"177\" src=\"https:\/\/www.chouvrac.be\/wp-content\/uploads\/2024\/04\/andy.png\" class=\"t-img\" alt=\"\" srcset=\"https:\/\/www.chouvrac.be\/wp-content\/uploads\/2024\/04\/andy.png 177w, https:\/\/www.chouvrac.be\/wp-content\/uploads\/2024\/04\/andy-100x100.png 100w, https:\/\/www.chouvrac.be\/wp-content\/uploads\/2024\/04\/andy-150x150.png 150w, https:\/\/www.chouvrac.be\/wp-content\/uploads\/2024\/04\/andy-50x50.png 50w\" sizes=\"(max-width: 177px) 100vw, 177px\" \/><div class=\"team-card__social\"><a href=\"#\"><i class=\"fab fa-facebook-f\"><\/i><\/a>\n<a href=\"#\"><i class=\"fab fa-twitter\"><\/i><\/a>\n<a href=\"#\"><i class=\"fab fa-linkedin-in\"><\/i><\/a><\/div><\/div><h3 class=\"name\">Andy Thys<\/h3><p class=\"position\">Founder<\/p><\/div><\/div><div class=\"swiper-slide\"><div class=\"team-card\"><div class=\"team-card__image\"><img loading=\"lazy\" decoding=\"async\" width=\"300\" height=\"342\" src=\"https:\/\/www.chouvrac.be\/wp-content\/uploads\/2020\/12\/team-1.jpg\" class=\"t-img\" alt=\"\" \/><\/div><h3 class=\"name\">Colombe<\/h3><p class=\"position\">Shop<\/p><\/div><\/div><div class=\"swiper-slide\"><div class=\"team-card\"><div class=\"team-card__image\"><img loading=\"lazy\" decoding=\"async\" width=\"300\" height=\"342\" src=\"https:\/\/www.chouvrac.be\/wp-content\/uploads\/2020\/12\/team-1.jpg\" class=\"t-img\" alt=\"\" \/><\/div><h3 class=\"name\">Nad\u00e8ge<\/h3><p class=\"position\">Marketing<\/p><\/div><\/div><div class=\"swiper-slide\"><div class=\"team-card\"><div class=\"team-card__image\"><img loading=\"lazy\" decoding=\"async\" width=\"300\" height=\"342\" src=\"https:\/\/www.chouvrac.be\/wp-content\/uploads\/2020\/12\/team-1.jpg\" class=\"t-img\" alt=\"\" \/><\/div><h3 class=\"name\">Fran\u00e7oise<\/h3><p class=\"position\">Radius<\/p><\/div><\/div><div class=\"swiper-slide\"><div class=\"team-card\"><div class=\"team-card__image\"><img loading=\"lazy\" decoding=\"async\" width=\"300\" height=\"342\" src=\"https:\/\/www.chouvrac.be\/wp-content\/uploads\/2020\/12\/team-1.jpg\" class=\"t-img\" alt=\"\" \/><\/div><h3 class=\"name\">Maxime<\/h3><p class=\"position\">Deliveries<\/p><\/div><\/div><\/div><\/div><\/div><\/div>\t\t\t\t<\/div>\n\t\t\t\t<\/div>\n\t\t\t\t\t<\/div>\n\t\t\t\t<\/div>\n\t\t\t\t<\/div>","protected":false},"excerpt":{"rendered":"<p>C&#8217;est qui ? Chou Vrac &amp; Ciboulette Fraichement install\u00e9e \u00e0 Barvaux sur Ourthe, ce petit magasin d&#8217;Alimentation Biologique essaye d&#8217;\u00eatre un maximum Bio-Logique, avec : Beaucoup de Vrac Un maximum de Partenariats locaux, tout proche ou pas loin Une gamme s\u00e9lectionn\u00e9e, compl\u00e8te et r\u00e9fl\u00e9chie Des prix les plus abordables possible Des produits Bio dans l&#8217;\u00e2me&#8230;<\/p>","protected":false},"author":1,"featured_media":0,"parent":0,"menu_order":0,"comment_status":"closed","ping_status":"closed","template":"","meta":{"footnotes":""},"class_list":{"0":"post-1145","1":"page","2":"type-page","3":"status-publish","4":"hentry","5":"nt-post-class","6":"","8":"thumb-none","10":"excerpt-none"},"_links":{"self":[{"href":"https:\/\/www.chouvrac.be\/en\/wp-json\/wp\/v2\/pages\/1145","targetHints":{"allow":["GET"]}}],"collection":[{"href":"https:\/\/www.chouvrac.be\/en\/wp-json\/wp\/v2\/pages"}],"about":[{"href":"https:\/\/www.chouvrac.be\/en\/wp-json\/wp\/v2\/types\/page"}],"author":[{"embeddable":true,"href":"https:\/\/www.chouvrac.be\/en\/wp-json\/wp\/v2\/users\/1"}],"replies":[{"embeddable":true,"href":"https:\/\/www.chouvrac.be\/en\/wp-json\/wp\/v2\/comments?post=1145"}],"version-history":[{"count":55,"href":"https:\/\/www.chouvrac.be\/en\/wp-json\/wp\/v2\/pages\/1145\/revisions"}],"predecessor-version":[{"id":9219,"href":"https:\/\/www.chouvrac.be\/en\/wp-json\/wp\/v2\/pages\/1145\/revisions\/9219"}],"wp:attachment":[{"href":"https:\/\/www.chouvrac.be\/en\/wp-json\/wp\/v2\/media?parent=1145"}],"curies":[{"name":"wp","href":"https:\/\/api.w.org\/{rel}","templated":true}]}}