{"id":10559,"date":"2026-03-10T10:42:23","date_gmt":"2026-03-10T10:42:23","guid":{"rendered":"https:\/\/www.chouvrac.be\/product\/biscuits-fourres-pate-a-tartiner-150g-elibio\/"},"modified":"2026-03-10T11:26:59","modified_gmt":"2026-03-10T11:26:59","slug":"biscuits-fourres-pate-a-tartiner-150g-elibio","status":"publish","type":"product","link":"https:\/\/www.chouvrac.be\/en\/product\/biscuits-fourres-pate-a-tartiner-150g-elibio\/","title":{"rendered":"Biscuits fourr\u00e9s p\u00e2te \u00e0 tartiner 150g elibio"},"content":{"rendered":"","protected":false},"excerpt":{"rendered":"<p>de la marque ELIBIO, code EAN 3760294961735<\/p>","protected":false},"featured_media":10558,"template":"","meta":[],"product_brand":[],"product_cat":[151,150],"product_tag":[],"class_list":{"0":"post-10559","1":"product","2":"type-product","3":"status-publish","4":"has-post-thumbnail","6":"product_cat-biscuits-et-gateaux-sucre","7":"product_cat-sucre","8":"nt-post-class","9":"","18":"first","19":"instock","20":"taxable","21":"shipping-taxable","22":"product-type-simple","23":"add-to-wishlist-after_add_to_cart"},"_links":{"self":[{"href":"https:\/\/www.chouvrac.be\/en\/wp-json\/wp\/v2\/product\/10559","targetHints":{"allow":["GET"]}}],"collection":[{"href":"https:\/\/www.chouvrac.be\/en\/wp-json\/wp\/v2\/product"}],"about":[{"href":"https:\/\/www.chouvrac.be\/en\/wp-json\/wp\/v2\/types\/product"}],"wp:featuredmedia":[{"embeddable":true,"href":"https:\/\/www.chouvrac.be\/en\/wp-json\/wp\/v2\/media\/10558"}],"wp:attachment":[{"href":"https:\/\/www.chouvrac.be\/en\/wp-json\/wp\/v2\/media?parent=10559"}],"wp:term":[{"taxonomy":"product_brand","embeddable":true,"href":"https:\/\/www.chouvrac.be\/en\/wp-json\/wp\/v2\/product_brand?post=10559"},{"taxonomy":"product_cat","embeddable":true,"href":"https:\/\/www.chouvrac.be\/en\/wp-json\/wp\/v2\/product_cat?post=10559"},{"taxonomy":"product_tag","embeddable":true,"href":"https:\/\/www.chouvrac.be\/en\/wp-json\/wp\/v2\/product_tag?post=10559"}],"curies":[{"name":"wp","href":"https:\/\/api.w.org\/{rel}","templated":true}]}}